{"id":1085,"date":"2025-11-14T23:16:13","date_gmt":"2025-11-14T23:16:13","guid":{"rendered":"https:\/\/www.consortium-vocale.de\/?page_id=1085"},"modified":"2025-11-18T00:05:20","modified_gmt":"2025-11-18T00:05:20","slug":"chor","status":"publish","type":"page","link":"https:\/\/www.consortium-vocale.de\/?page_id=1085","title":{"rendered":"Chor"},"content":{"rendered":"\n<h2><mark style=\"background-color:rgba(0, 0, 0, 0);color:#32baa7\" class=\"has-inline-color\">Der Kammerchor consortium vocale berlin<\/mark><\/h2>\n\n\n\n<p class=\"has-small-font-size\">pr\u00e4sentiert seit bald zwanzig Jahren anspruchsvolle Chormusik in kleiner Besetzung. Unser Repertoire \u00fcberspannt die gesamte Musikgeschichte seit der Renaissance, mit einem Schwerpunkt auf Alter Musik und Gegenwart. Immer wieder pr\u00e4sentieren wir auch Urauff\u00fchrungen und vergeben Werkauftr\u00e4ge.<\/p>\n\n\n\n<p class=\"has-small-font-size\">Aufgetreten sind wir u. a. in der Berliner Philharmonie, dem Konzerthaus am Gendarmenmarkt, dem Bodemuseum und der Komischen Oper, aber auch an ungew\u00f6hnlicheren Konzertorten wie beispielsweise der H\u00f6rsaalruine der Charit\u00e9, dem unterirdischen Wasserspeicher in Prenzlauer Berg oder dem Berliner Hauptbahnhof.<\/p>\n\n\n\n<p class=\"has-small-font-size\">Wir haben die Vokalmusik f\u00fcr den Kinofilm \u201eDer Medicus\u201c eingesungen und sind mehrfach im Rundfunk und auch im Fernsehen aufgetreten (u.a. rbb Kultur, Deutsche Welle).<\/p>\n\n\n\n<p class=\"has-small-font-size\">Unser k\u00fcnstlerischer Leiter ist seit 2021 <a href=\"https:\/\/www.consortium-vocale.de\/?page_id=11\" data-type=\"URL\" data-id=\"https:\/\/www.consortium-vocale.de\/?page_id=11\">Rory Wainwright Johnston<\/a>.<\/p>\n\n\n\n<p class=\"has-small-font-size\">&#8211;<\/p>\n\n\n\n<p class=\"has-small-font-size\">Ehemalige Leiter:<br>2017-2021 Antonius Adamske<br>2006-2016 Matthias Stoffels<\/p>\n\n\n\n<div id=\"wp-block-themeisle-blocks-advanced-columns-567f98ac\" class=\"wp-block-themeisle-blocks-advanced-columns has-1-columns has-desktop-equal-layout has-tablet-equal-layout has-mobile-equal-layout has-vertical-unset\"><div class=\"wp-block-themeisle-blocks-advanced-columns-overlay\"><\/div><div class=\"innerblocks-wrap\">\n<div id=\"wp-block-themeisle-blocks-advanced-column-532e8d75\" class=\"wp-block-themeisle-blocks-advanced-column\"><\/div>\n<\/div><\/div>\n\n\n\n<p><\/p>\n\n\n\n<p><\/p>\n","protected":false},"excerpt":{"rendered":"<p>Der Kammerchor consortium vocale berlin pr\u00e4sentiert seit bald zwanzig Jahren anspruchsvolle Chormusik in kleiner Besetzung. Unser Repertoire \u00fcberspannt die gesamte Musikgeschichte seit der Renaissance, mit einem Schwerpunkt auf Alter Musik und Gegenwart. Immer wieder pr\u00e4sentieren wir auch Urauff\u00fchrungen und vergeben Werkauftr\u00e4ge. Aufgetreten sind wir u. a. in der Berliner Philharmonie, dem Konzerthaus am Gendarmenmarkt, dem [&hellip;]<\/p>\n","protected":false},"author":1,"featured_media":876,"parent":6,"menu_order":1,"comment_status":"closed","ping_status":"closed","template":"","meta":{"_themeisle_gutenberg_block_has_review":false},"_links":{"self":[{"href":"https:\/\/www.consortium-vocale.de\/index.php?rest_route=\/wp\/v2\/pages\/1085"}],"collection":[{"href":"https:\/\/www.consortium-vocale.de\/index.php?rest_route=\/wp\/v2\/pages"}],"about":[{"href":"https:\/\/www.consortium-vocale.de\/index.php?rest_route=\/wp\/v2\/types\/page"}],"author":[{"embeddable":true,"href":"https:\/\/www.consortium-vocale.de\/index.php?rest_route=\/wp\/v2\/users\/1"}],"replies":[{"embeddable":true,"href":"https:\/\/www.consortium-vocale.de\/index.php?rest_route=%2Fwp%2Fv2%2Fcomments&post=1085"}],"version-history":[{"count":19,"href":"https:\/\/www.consortium-vocale.de\/index.php?rest_route=\/wp\/v2\/pages\/1085\/revisions"}],"predecessor-version":[{"id":1217,"href":"https:\/\/www.consortium-vocale.de\/index.php?rest_route=\/wp\/v2\/pages\/1085\/revisions\/1217"}],"up":[{"embeddable":true,"href":"https:\/\/www.consortium-vocale.de\/index.php?rest_route=\/wp\/v2\/pages\/6"}],"wp:featuredmedia":[{"embeddable":true,"href":"https:\/\/www.consortium-vocale.de\/index.php?rest_route=\/wp\/v2\/media\/876"}],"wp:attachment":[{"href":"https:\/\/www.consortium-vocale.de\/index.php?rest_route=%2Fwp%2Fv2%2Fmedia&parent=1085"}],"curies":[{"name":"wp","href":"https:\/\/api.w.org\/{rel}","templated":true}]}}