{"id":11,"date":"2017-01-22T23:04:23","date_gmt":"2017-01-22T23:04:23","guid":{"rendered":"http:\/\/branwen.nevarsin.de\/?page_id=11"},"modified":"2025-11-16T22:21:11","modified_gmt":"2025-11-16T22:21:11","slug":"leitung","status":"publish","type":"page","link":"https:\/\/www.consortium-vocale.de\/?page_id=11","title":{"rendered":"Leitung"},"content":{"rendered":"\n<h2><mark style=\"background-color:rgba(0, 0, 0, 0);color:#32baa7\" class=\"has-inline-color\">Rory Wainwright Johnston<\/mark><\/h2>\n\n\n\n<div class=\"wp-block-media-text alignwide has-media-on-the-right is-stacked-on-mobile\"><figure class=\"wp-block-media-text__media\"><img loading=\"lazy\" width=\"567\" height=\"794\" src=\"https:\/\/www.consortium-vocale.de\/wp-content\/uploads\/2025\/11\/Rory25.jpg\" alt=\"\" class=\"wp-image-1093 size-full\" srcset=\"https:\/\/www.consortium-vocale.de\/wp-content\/uploads\/2025\/11\/Rory25.jpg 567w, https:\/\/www.consortium-vocale.de\/wp-content\/uploads\/2025\/11\/Rory25-214x300.jpg 214w\" sizes=\"(max-width: 567px) 100vw, 567px\" \/><\/figure><div class=\"wp-block-media-text__content\">\n<p>ist Dirigent und Komponist aus Bradford-on-Avon (UK). Seine musikalische Ausbildung begann an der Abteikirche Bath als <em>head chorister <\/em>und dann Tenor unter der Leitung von Dr. Peter King. Er studierte Musik an der Universit\u00e4t Manchester und schloss seinen Bachelor mit 1,1 ab. Im Master studierte er Komposition bei Camden Reeves und Nina Whiteman und schloss mit Auszeichnung ab. Anschlie\u00dfend studierte er im Masterstudiengang Chordirigieren bei Justin Doyle an der Hochschule f\u00fcr Musik \u201eHanns Eisler\u201c in Berlin, den er mit 1,0 abschloss. <\/p>\n\n\n\n<p>Derzeit ist Rory Stellvertretender Dirigent des Groot Omroepkoor (Niederl\u00e4ndischer Rundfunkchor) sowie K\u00fcnstlerischer Leiter des consortium vocale berlin. Dazu arbeitet er regelm\u00e4\u00dfig als Stellvertreter bei anderen Berliner Ch\u00f6ren wie dem Philharmonischen Chor, Berliner Vokalkreis und anderen. Seit 2022 hat Rory eine professionelle Beziehung zum RIAS Kammerchor als Stellvertreter und Assistent f\u00fcr Justin Doyle, u.a. bei den letzten beiden Neujahrskonzerten in der Berliner Philharmonie mit anschlie\u00dfenden Aufnahmen (2022 H\u00e4ndel, Judas Maccabaeus; 2023 Bach, Magnificat in Es-Dur). <\/p>\n\n\n\n<p>Vor seinem Umzug nach Berlin leitete er verschiedene Ch\u00f6re im Nordwesten Englands, u.a. Cantores Olicanae, Wigan Choral Society, Brixi Singers, Acapella Singers und Manchester Renaissance Ensemble; au\u00dferdem war er stellvertretender Dirigent im Chorteam des Hall\u00e9 Orchestra. <\/p>\n\n\n\n<p>Rory ist gefragt als Workshop-Leiter f\u00fcr Alte Musik, er leitete den Chorworkshop beim York Early Music Festival und Sommerkurse f\u00fcr Lacock Courses im Vereinigten K\u00f6nigreich und Frankreich. <\/p>\n\n\n\n<p>Seine Kompositionen werden von einer Vielzahl von Ensembles und K\u00fcnstlern in Gro\u00dfbritannien und Deutschland aufgef\u00fchrt und gesendet, darunter RIAS Kammerchor, ORA Singers, BCMG, Kantos Kammerchor, Huddersfield Choral Society, ATLAS Vokalensemble und echo.<\/p>\n<\/div><\/div>\n\n\n<a class=\"wp-block-read-more\" href=\"https:\/\/www.consortium-vocale.de\/?page_id=11\" target=\"_self\"><a rel=\"noreferrer noopener\" href=\"http:\/\/www.rorywainwrightjohnston.com\" target=\"_blank\">www.rorywainwrightjohnston.com<\/a><\/a>","protected":false},"excerpt":{"rendered":"<p>Rory Wainwright Johnston ist Dirigent und Komponist aus Bradford-on-Avon (UK). Seine musikalische Ausbildung begann an der Abteikirche Bath als head chorister und dann Tenor unter der Leitung von Dr. Peter King. Er studierte Musik an der Universit\u00e4t Manchester und schloss seinen Bachelor mit 1,1 ab. Im Master studierte er Komposition bei Camden Reeves und Nina [&hellip;]<\/p>\n","protected":false},"author":1,"featured_media":1196,"parent":6,"menu_order":2,"comment_status":"closed","ping_status":"closed","template":"","meta":{"_themeisle_gutenberg_block_has_review":false},"_links":{"self":[{"href":"https:\/\/www.consortium-vocale.de\/index.php?rest_route=\/wp\/v2\/pages\/11"}],"collection":[{"href":"https:\/\/www.consortium-vocale.de\/index.php?rest_route=\/wp\/v2\/pages"}],"about":[{"href":"https:\/\/www.consortium-vocale.de\/index.php?rest_route=\/wp\/v2\/types\/page"}],"author":[{"embeddable":true,"href":"https:\/\/www.consortium-vocale.de\/index.php?rest_route=\/wp\/v2\/users\/1"}],"replies":[{"embeddable":true,"href":"https:\/\/www.consortium-vocale.de\/index.php?rest_route=%2Fwp%2Fv2%2Fcomments&post=11"}],"version-history":[{"count":30,"href":"https:\/\/www.consortium-vocale.de\/index.php?rest_route=\/wp\/v2\/pages\/11\/revisions"}],"predecessor-version":[{"id":1138,"href":"https:\/\/www.consortium-vocale.de\/index.php?rest_route=\/wp\/v2\/pages\/11\/revisions\/1138"}],"up":[{"embeddable":true,"href":"https:\/\/www.consortium-vocale.de\/index.php?rest_route=\/wp\/v2\/pages\/6"}],"wp:featuredmedia":[{"embeddable":true,"href":"https:\/\/www.consortium-vocale.de\/index.php?rest_route=\/wp\/v2\/media\/1196"}],"wp:attachment":[{"href":"https:\/\/www.consortium-vocale.de\/index.php?rest_route=%2Fwp%2Fv2%2Fmedia&parent=11"}],"curies":[{"name":"wp","href":"https:\/\/api.w.org\/{rel}","templated":true}]}}