{"id":16,"date":"2017-01-22T23:08:43","date_gmt":"2017-01-22T23:08:43","guid":{"rendered":"http:\/\/branwen.nevarsin.de\/?page_id=16"},"modified":"2026-03-21T08:36:23","modified_gmt":"2026-03-21T08:36:23","slug":"konzerte","status":"publish","type":"page","link":"https:\/\/www.consortium-vocale.de\/?page_id=16","title":{"rendered":"Konzerte"},"content":{"rendered":"<h3 style=\"text-align: center;\">&nbsp;<\/h3>\n<p><img loading=\"lazy\" class=\"aligncenter wp-image-1225 size-large\" src=\"https:\/\/www.consortium-vocale.de\/wp-content\/uploads\/2026\/02\/Aleph_Beth_Gimel_Daleth-735x1024.jpg\" alt=\"\" width=\"640\" height=\"892\" srcset=\"https:\/\/www.consortium-vocale.de\/wp-content\/uploads\/2026\/02\/Aleph_Beth_Gimel_Daleth-735x1024.jpg 735w, https:\/\/www.consortium-vocale.de\/wp-content\/uploads\/2026\/02\/Aleph_Beth_Gimel_Daleth-215x300.jpg 215w, https:\/\/www.consortium-vocale.de\/wp-content\/uploads\/2026\/02\/Aleph_Beth_Gimel_Daleth.jpg 751w\" sizes=\"(max-width: 640px) 100vw, 640px\" \/><\/p>\n\n\n<h3 class=\"has-text-align-center has-black-color has-text-color\">Aleph, Beth,&nbsp;Gimel, Daleth\u2026<\/h3>\n\n\n\n<p class=\"has-text-align-center\">Chormusik f\u00fcr die Karwoche<\/p>\n\n\n\n<p class=\"has-text-align-center\"><strong>Kirche zum Heilsbronnen,<\/strong> Heilbronner Str. 20, 10779 Berlin<\/p>\n\n\n\n<p class=\"has-text-align-center\">Samstag 21. M\u00e4rz 2026 18 Uhr<\/p>\n\n\n\n<p><\/p>\n\n\n\n<p class=\"has-text-align-center\"><strong>Auenkirche<\/strong>, Berlin &#8211; Wilmersdorf, Wilhelmsaue 118A, 10715 Berlin<\/p>\n\n\n\n<p class=\"has-text-align-center\">Sonntag 22. M\u00e4rz 2026 17 Uhr<\/p>\n\n\n\n<p class=\"has-text-align-left\"><\/p>\n\n\n\n<p class=\"has-text-align-center\">Tickets f\u00fcr 1<strong>5 \u20ac\/12\u20ac erm. an der Abendkasse<\/strong> oder \u00fcber Eventfrog:<\/p>\n\n\n\n<p class=\"has-text-align-center\">Samstag, 21. M\u00e4rz:&nbsp;<a rel=\"noreferrer noopener\" href=\"https:\/\/eventfrog.de\/aleph_samstag\" target=\"_blank\">https:\/\/eventfrog.de\/aleph_samstag<\/a><\/p>\n\n\n\n<p class=\"has-text-align-center\">Sonntag, 22. M\u00e4rz:&nbsp;<a rel=\"noreferrer noopener\" href=\"https:\/\/eventfrog.de\/aleph_sonntag\" target=\"_blank\">https:\/\/eventfrog.de\/aleph_sonntag<\/a><\/p>\n\n\n\n<hr class=\"wp-block-separator has-alpha-channel-opacity\"\/>\n\n\n\n<h5>&nbsp;<\/h5>\n\n\n\n<h5><span style=\"color: #808080;\"><strong>Vergangene Konzerte:<\/strong><\/span><\/h5>\n\n\n<div class=\"wp-block-image\">\n<figure class=\"aligncenter is-resized\"><img src=\"https:\/\/www.consortium-vocale.de\/wp-content\/uploads\/2025\/11\/Navidad_Iberica_Plakat_A6_website-734x1024.jpg\" alt=\"\" class=\"wp-image-1073\" width=\"213\" srcset=\"https:\/\/www.consortium-vocale.de\/wp-content\/uploads\/2025\/11\/Navidad_Iberica_Plakat_A6_website-734x1024.jpg 734w, https:\/\/www.consortium-vocale.de\/wp-content\/uploads\/2025\/11\/Navidad_Iberica_Plakat_A6_website-215x300.jpg 215w, https:\/\/www.consortium-vocale.de\/wp-content\/uploads\/2025\/11\/Navidad_Iberica_Plakat_A6_website-768x1071.jpg 768w, https:\/\/www.consortium-vocale.de\/wp-content\/uploads\/2025\/11\/Navidad_Iberica_Plakat_A6_website-1102x1536.jpg 1102w, https:\/\/www.consortium-vocale.de\/wp-content\/uploads\/2025\/11\/Navidad_Iberica_Plakat_A6_website.jpg 1126w\" sizes=\"(max-width: 734px) 100vw, 734px\" \/><\/figure><\/div>\n\n\n<p class=\"has-text-align-center\"><strong>Navidad Ib\u00e9rica<\/strong> &#8211; Weihnachtliche Chormusik der iberischen Renaissance<\/p>\n\n\n<div class=\"wp-block-image\">\n<figure class=\"aligncenter size-medium\"><img loading=\"lazy\" width=\"213\" height=\"300\" src=\"https:\/\/www.consortium-vocale.de\/wp-content\/uploads\/2025\/06\/Widerstand_A6_Final_v2-1-213x300.jpg\" alt=\"\" class=\"wp-image-1047\" srcset=\"https:\/\/www.consortium-vocale.de\/wp-content\/uploads\/2025\/06\/Widerstand_A6_Final_v2-1-213x300.jpg 213w, https:\/\/www.consortium-vocale.de\/wp-content\/uploads\/2025\/06\/Widerstand_A6_Final_v2-1-728x1024.jpg 728w, https:\/\/www.consortium-vocale.de\/wp-content\/uploads\/2025\/06\/Widerstand_A6_Final_v2-1-768x1080.jpg 768w, https:\/\/www.consortium-vocale.de\/wp-content\/uploads\/2025\/06\/Widerstand_A6_Final_v2-1-1092x1536.jpg 1092w, https:\/\/www.consortium-vocale.de\/wp-content\/uploads\/2025\/06\/Widerstand_A6_Final_v2-1.jpg 1287w\" sizes=\"(max-width: 213px) 100vw, 213px\" \/><\/figure><\/div>\n\n\n<p class=\"has-text-align-center\"><strong>Widerstand<\/strong> &#8211; Revolution\u00e4re Chormusik von Hanns Eisler, Benjamin Britten, William Byrd u. a.<\/p>\n\n\n<div class=\"wp-block-image\">\n<figure class=\"aligncenter size-full is-resized\"><img src=\"https:\/\/www.consortium-vocale.de\/wp-content\/uploads\/2024\/09\/CVB_Meditatio_Flyer.jpg\" alt=\"\" class=\"wp-image-1011\" width=\"217\" srcset=\"https:\/\/www.consortium-vocale.de\/wp-content\/uploads\/2024\/09\/CVB_Meditatio_Flyer.jpg 697w, https:\/\/www.consortium-vocale.de\/wp-content\/uploads\/2024\/09\/CVB_Meditatio_Flyer-215x300.jpg 215w\" sizes=\"(max-width: 697px) 100vw, 697px\" \/><\/figure><\/div>\n\n\n<p class=\"has-text-align-center\"><strong>Meditation &#8211; <\/strong>Neue Musik zu Themen des Menschseins f\u00fcr Chor und Streichorchester<strong> <\/strong>(2024)<\/p>\n\n\n<div class=\"wp-block-image\">\n<figure class=\"aligncenter size-large is-resized\"><img loading=\"lazy\" src=\"https:\/\/www.consortium-vocale.de\/wp-content\/uploads\/2024\/04\/Evolution_2024_Flyer_small-734x1024.jpg\" alt=\"\" class=\"wp-image-973\" width=\"217\" height=\"303\" srcset=\"https:\/\/www.consortium-vocale.de\/wp-content\/uploads\/2024\/04\/Evolution_2024_Flyer_small-734x1024.jpg 734w, https:\/\/www.consortium-vocale.de\/wp-content\/uploads\/2024\/04\/Evolution_2024_Flyer_small-215x300.jpg 215w, https:\/\/www.consortium-vocale.de\/wp-content\/uploads\/2024\/04\/Evolution_2024_Flyer_small-768x1071.jpg 768w, https:\/\/www.consortium-vocale.de\/wp-content\/uploads\/2024\/04\/Evolution_2024_Flyer_small-1101x1536.jpg 1101w, https:\/\/www.consortium-vocale.de\/wp-content\/uploads\/2024\/04\/Evolution_2024_Flyer_small.jpg 1264w\" sizes=\"(max-width: 217px) 100vw, 217px\" \/><\/figure><\/div>\n\n\n<p class=\"has-text-align-center\"><strong>Evolution &#8211; <\/strong>Musik f\u00fcr Chor und Live-Elektronik<strong> <\/strong>(2024)<\/p>\n\n\n\n<p class=\"has-text-align-center\">Electronics: Sarah Keirle (UK)<\/p>\n\n\n\n<p class=\"has-text-align-center\">&nbsp;<\/p>\n\n\n<div class=\"wp-block-image\">\n<figure class=\"aligncenter\"><img loading=\"lazy\" width=\"300\" height=\"150\" src=\"https:\/\/www.consortium-vocale.de\/wp-content\/uploads\/2024\/01\/https-cdn.evbuc_.com-images-609319009-174433535923-1-original.20230929-135035-300x150.jpeg\" alt=\"\" class=\"wp-image-947\" srcset=\"https:\/\/www.consortium-vocale.de\/wp-content\/uploads\/2024\/01\/https-cdn.evbuc_.com-images-609319009-174433535923-1-original.20230929-135035-300x150.jpeg 300w, https:\/\/www.consortium-vocale.de\/wp-content\/uploads\/2024\/01\/https-cdn.evbuc_.com-images-609319009-174433535923-1-original.20230929-135035-768x384.jpeg 768w, https:\/\/www.consortium-vocale.de\/wp-content\/uploads\/2024\/01\/https-cdn.evbuc_.com-images-609319009-174433535923-1-original.20230929-135035.jpeg 940w\" sizes=\"(max-width: 300px) 100vw, 300px\" \/><\/figure><\/div>\n\n\n<p class=\"has-text-align-center\"><strong>Sonntagskonzert Nr. 3 | Vierseitig <\/strong>(2024)<\/p>\n\n\n\n<p class=\"has-text-align-center\">Kammermusiksaal der Philharmonie mit consortium vocale berlin, Kammerchor JEUNESSE Berlin, Junger Kammerchor Berlin und Kammerchor Vocantare Berlin<\/p>\n\n\n<div class=\"wp-block-image\">\n<figure class=\"aligncenter\"><img loading=\"lazy\" width=\"215\" height=\"300\" src=\"https:\/\/www.consortium-vocale.de\/wp-content\/uploads\/2023\/10\/TimeAndSpace_A6_Final@0.5x-1-215x300.jpg\" alt=\"\" class=\"wp-image-931\" srcset=\"https:\/\/www.consortium-vocale.de\/wp-content\/uploads\/2023\/10\/TimeAndSpace_A6_Final@0.5x-1-215x300.jpg 215w, https:\/\/www.consortium-vocale.de\/wp-content\/uploads\/2023\/10\/TimeAndSpace_A6_Final@0.5x-1.jpg 643w\" sizes=\"(max-width: 215px) 100vw, 215px\" \/><\/figure><\/div>\n\n\n<p class=\"has-text-align-center\"><strong>SpaceTime &#8211; Eine kosmische Reise <\/strong>(2023)<\/p>\n\n\n\n<p class=\"has-text-align-center\">Chormusik von Sarah Rimkus, Meredith Monk, Michael Ostrzyga und<span style=\"font-size: revert;\"> \u0112riks E\u0161envalds<\/span><\/p>\n\n\n\n<p class=\"has-text-align-center\">Wissenschaftliche Interludien von Dipl.-Phys. Michael B\u00fcker<\/p>\n\n\n<div class=\"wp-block-image\">\n<figure class=\"aligncenter\"><img loading=\"lazy\" width=\"215\" height=\"300\" src=\"https:\/\/www.consortium-vocale.de\/wp-content\/uploads\/2023\/06\/Sacred_And_Profane_Final_A6@0.5x-215x300.jpg\" alt=\"\" class=\"wp-image-887\" srcset=\"https:\/\/www.consortium-vocale.de\/wp-content\/uploads\/2023\/06\/Sacred_And_Profane_Final_A6@0.5x-215x300.jpg 215w, https:\/\/www.consortium-vocale.de\/wp-content\/uploads\/2023\/06\/Sacred_And_Profane_Final_A6@0.5x.jpg 643w\" sizes=\"(max-width: 215px) 100vw, 215px\" \/><\/figure><\/div>\n\n\n<p class=\"has-text-align-center\"><strong>Sacred and Profane <\/strong>(2023)<br>Geistliche und weltliche Musik von Benjamin Britten, Thomas Talis, John Dowland und Henry VIII<\/p>\n\n\n<div class=\"wp-block-image\">\n<figure class=\"aligncenter\"><img loading=\"lazy\" width=\"213\" height=\"300\" src=\"https:\/\/www.consortium-vocale.de\/wp-content\/uploads\/2023\/03\/Rest_and_Refuge_final_digital-213x300.jpg\" alt=\"\" class=\"wp-image-859\" srcset=\"https:\/\/www.consortium-vocale.de\/wp-content\/uploads\/2023\/03\/Rest_and_Refuge_final_digital-213x300.jpg 213w, https:\/\/www.consortium-vocale.de\/wp-content\/uploads\/2023\/03\/Rest_and_Refuge_final_digital-728x1024.jpg 728w, https:\/\/www.consortium-vocale.de\/wp-content\/uploads\/2023\/03\/Rest_and_Refuge_final_digital-768x1080.jpg 768w, https:\/\/www.consortium-vocale.de\/wp-content\/uploads\/2023\/03\/Rest_and_Refuge_final_digital-1093x1536.jpg 1093w, https:\/\/www.consortium-vocale.de\/wp-content\/uploads\/2023\/03\/Rest_and_Refuge_final_digital.jpg 1264w\" sizes=\"(max-width: 213px) 100vw, 213px\" \/><\/figure><\/div>\n\n\n<p class=\"has-text-align-center\"><strong>Rest and Refuge <\/strong>(2023)<br>Englische Chorwerke zum 400. Todestag von William Byrd<\/p>\n\n\n<div class=\"wp-block-image\">\n<figure class=\"aligncenter\"><img loading=\"lazy\" width=\"212\" height=\"300\" src=\"https:\/\/www.consortium-vocale.de\/wp-content\/uploads\/2022\/10\/ThatYoungeChild_Final@0.5x-1-212x300.jpg\" alt=\"\" class=\"wp-image-836\" srcset=\"https:\/\/www.consortium-vocale.de\/wp-content\/uploads\/2022\/10\/ThatYoungeChild_Final@0.5x-1-212x300.jpg 212w, https:\/\/www.consortium-vocale.de\/wp-content\/uploads\/2022\/10\/ThatYoungeChild_Final@0.5x-1-768x1085.jpg 768w, https:\/\/www.consortium-vocale.de\/wp-content\/uploads\/2022\/10\/ThatYoungeChild_Final@0.5x-1-725x1024.jpg 725w, https:\/\/www.consortium-vocale.de\/wp-content\/uploads\/2022\/10\/ThatYoungeChild_Final@0.5x-1.jpg 1181w\" sizes=\"(max-width: 212px) 100vw, 212px\" \/><\/figure><\/div>\n\n\n<p class=\"has-text-align-center\"><b>That yong\u00eb&nbsp;child&nbsp;<\/b>(2022)<strong><br><\/strong>Britten: Ceremony of Carols und andere britische Adventsmusik<\/p>\n\n\n<div class=\"wp-block-image\">\n<figure class=\"aligncenter\"><img loading=\"lazy\" width=\"212\" height=\"300\" src=\"https:\/\/www.consortium-vocale.de\/wp-content\/uploads\/2023\/02\/Flyer_Ode_an_die_Hauptstadt_2022-212x300.jpg\" alt=\"\" class=\"wp-image-852\" srcset=\"https:\/\/www.consortium-vocale.de\/wp-content\/uploads\/2023\/02\/Flyer_Ode_an_die_Hauptstadt_2022-212x300.jpg 212w, https:\/\/www.consortium-vocale.de\/wp-content\/uploads\/2023\/02\/Flyer_Ode_an_die_Hauptstadt_2022-725x1024.jpg 725w, https:\/\/www.consortium-vocale.de\/wp-content\/uploads\/2023\/02\/Flyer_Ode_an_die_Hauptstadt_2022-768x1085.jpg 768w, https:\/\/www.consortium-vocale.de\/wp-content\/uploads\/2023\/02\/Flyer_Ode_an_die_Hauptstadt_2022-1087x1536.jpg 1087w, https:\/\/www.consortium-vocale.de\/wp-content\/uploads\/2023\/02\/Flyer_Ode_an_die_Hauptstadt_2022.jpg 1181w\" sizes=\"(max-width: 212px) 100vw, 212px\" \/><\/figure><\/div>\n\n\n<p class=\"has-text-align-center\"><b>Ode an die Hauptstadt&nbsp;<\/b>(2022)<strong><br><\/strong>Chormusik f\u00fcr und aus Berlin. Arvo P\u00e4rt &#8211; Berliner Messe u.a.<\/p>\n\n\n<div class=\"wp-block-image\">\n<figure class=\"aligncenter is-resized\"><img src=\"https:\/\/www.consortium-vocale.de\/wp-content\/uploads\/2022\/03\/A_Choral_Love_Letter_Briefkasten_web-724x1024.jpg\" alt=\"\" class=\"wp-image-812\" width=\"212\" srcset=\"https:\/\/www.consortium-vocale.de\/wp-content\/uploads\/2022\/03\/A_Choral_Love_Letter_Briefkasten_web-724x1024.jpg 724w, https:\/\/www.consortium-vocale.de\/wp-content\/uploads\/2022\/03\/A_Choral_Love_Letter_Briefkasten_web-212x300.jpg 212w, https:\/\/www.consortium-vocale.de\/wp-content\/uploads\/2022\/03\/A_Choral_Love_Letter_Briefkasten_web-768x1086.jpg 768w\" sizes=\"(max-width: 724px) 100vw, 724px\" \/><\/figure><\/div>\n\n\n<p class=\"has-text-align-center\"><b>A Choral Lover Letter&nbsp;<\/b>(2022)<strong><br><\/strong>Das Hohelied der Liebe. Sch\u00fctz, Palestrina, Dove u.a.<\/p>\n\n\n<div class=\"wp-block-image\">\n<figure class=\"aligncenter is-resized\"><img loading=\"lazy\" src=\"https:\/\/www.consortium-vocale.de\/wp-content\/uploads\/2021\/08\/PestOff_2021_crow2_A6@0.5x-725x1024.jpg\" alt=\"\" class=\"wp-image-762\" width=\"212\" height=\"312\"\/><\/figure><\/div>\n\n\n<p class=\"has-text-align-center\"><strong>Pest-Of<\/strong> (2021)<strong><br><\/strong>Berlin zu Zeiten der Pest &#8211; ein musikalischer Spaziergang<\/p>\n\n\n<div class=\"wp-block-image\">\n<figure class=\"aligncenter\"><img loading=\"lazy\" width=\"212\" height=\"300\" src=\"https:\/\/www.consortium-vocale.de\/wp-content\/uploads\/2019\/11\/Vicentino_2019_Orgel_vFinal_web-212x300.jpg\" alt=\"\" class=\"wp-image-762\" srcset=\"https:\/\/www.consortium-vocale.de\/wp-content\/uploads\/2019\/11\/Vicentino_2019_Orgel_vFinal_web-212x300.jpg 212w, https:\/\/www.consortium-vocale.de\/wp-content\/uploads\/2019\/11\/Vicentino_2019_Orgel_vFinal_web-768x1086.jpg 768w, https:\/\/www.consortium-vocale.de\/wp-content\/uploads\/2019\/11\/Vicentino_2019_Orgel_vFinal_web-724x1024.jpg 724w, https:\/\/www.consortium-vocale.de\/wp-content\/uploads\/2019\/11\/Vicentino_2019_Orgel_vFinal_web.jpg 1181w\" sizes=\"(max-width: 212px) 100vw, 212px\" \/><\/figure><\/div>\n\n\n<p class=\"has-text-align-center\"><strong>Un poco dolce<\/strong> (2019)<strong><br><\/strong>Vielt\u00f6nige Klangreisen von Palestrina zu Vicentino<\/p>\n\n\n<div class=\"wp-block-image\">\n<figure class=\"aligncenter\"><img loading=\"lazy\" width=\"300\" height=\"215\" src=\"https:\/\/www.consortium-vocale.de\/wp-content\/uploads\/2019\/02\/Himmelsk\u00f6nigin_2019_Web-300x215.jpeg\" alt=\"\" class=\"wp-image-728\" srcset=\"https:\/\/www.consortium-vocale.de\/wp-content\/uploads\/2019\/02\/Himmelsk\u00f6nigin_2019_Web-300x215.jpeg 300w, https:\/\/www.consortium-vocale.de\/wp-content\/uploads\/2019\/02\/Himmelsk\u00f6nigin_2019_Web-768x550.jpeg 768w, https:\/\/www.consortium-vocale.de\/wp-content\/uploads\/2019\/02\/Himmelsk\u00f6nigin_2019_Web-1024x734.jpeg 1024w, https:\/\/www.consortium-vocale.de\/wp-content\/uploads\/2019\/02\/Himmelsk\u00f6nigin_2019_Web.jpeg 1197w\" sizes=\"(max-width: 300px) 100vw, 300px\" \/><\/figure><\/div>\n\n\n<p class=\"has-text-align-center\"><\/p>\n\n\n\n<p class=\"has-text-align-center\"><strong>K\u00f6nigin des Himmels<\/strong> (2019)<strong><br><\/strong>Messe und Litaneien von Marc-Antoine Charpentier<\/p>\n\n\n<div class=\"wp-block-image\">\n<figure class=\"aligncenter size-large is-resized\"><img src=\"https:\/\/www.consortium-vocale.de\/wp-content\/uploads\/2026\/03\/Sehet_2018_A6-1024x734.jpg\" alt=\"\" class=\"wp-image-1238\" width=\"300\" srcset=\"https:\/\/www.consortium-vocale.de\/wp-content\/uploads\/2026\/03\/Sehet_2018_A6-1024x734.jpg 1024w, https:\/\/www.consortium-vocale.de\/wp-content\/uploads\/2026\/03\/Sehet_2018_A6-300x215.jpg 300w, https:\/\/www.consortium-vocale.de\/wp-content\/uploads\/2026\/03\/Sehet_2018_A6-768x551.jpg 768w, https:\/\/www.consortium-vocale.de\/wp-content\/uploads\/2026\/03\/Sehet_2018_A6-1536x1102.jpg 1536w, https:\/\/www.consortium-vocale.de\/wp-content\/uploads\/2026\/03\/Sehet_2018_A6.jpg 1772w\" sizes=\"(max-width: 1024px) 100vw, 1024px\" \/><\/figure><\/div>\n\n\n<p class=\"has-text-align-center\"><\/p>\n\n\n\n<p class=\"has-text-align-center\"><strong>\u00bbSehet, welch eine Liebe!\u00ab<\/strong> (2018)<strong><br><\/strong>Adventliche Chorwerke von Homilius, Mauersberger u. a.<\/p>\n\n\n<div class=\"wp-block-image\">\n<figure class=\"aligncenter size-full is-resized\"><img src=\"https:\/\/www.consortium-vocale.de\/wp-content\/uploads\/2026\/03\/KommWeb-1024x525-1.jpg\" alt=\"\" class=\"wp-image-1236\" width=\"300\" srcset=\"https:\/\/www.consortium-vocale.de\/wp-content\/uploads\/2026\/03\/KommWeb-1024x525-1.jpg 723w, https:\/\/www.consortium-vocale.de\/wp-content\/uploads\/2026\/03\/KommWeb-1024x525-1-300x218.jpg 300w\" sizes=\"(max-width: 723px) 100vw, 723px\" \/><\/figure><\/div>\n\n\n<p class=\"has-text-align-center\"><\/p>\n\n\n\n<p class=\"has-text-align-center\"><strong>\u00bbKomm!\u00ab<\/strong> (2018)<strong><br><\/strong>Liebeslyrik in Vertonungen von Lasso, Daniel-Lesur und Lawton<\/p>\n\n\n<div class=\"wp-block-image\">\n<figure class=\"aligncenter\"><img loading=\"lazy\" width=\"300\" height=\"215\" src=\"https:\/\/www.consortium-vocale.de\/wp-content\/uploads\/2017\/01\/F\u00fcrchteDichNicht2017_A6-300x215.jpg\" alt=\"\" class=\"wp-image-595\" srcset=\"https:\/\/www.consortium-vocale.de\/wp-content\/uploads\/2017\/01\/F\u00fcrchteDichNicht2017_A6-300x215.jpg 300w, https:\/\/www.consortium-vocale.de\/wp-content\/uploads\/2017\/01\/F\u00fcrchteDichNicht2017_A6-768x551.jpg 768w, https:\/\/www.consortium-vocale.de\/wp-content\/uploads\/2017\/01\/F\u00fcrchteDichNicht2017_A6-1024x734.jpg 1024w, https:\/\/www.consortium-vocale.de\/wp-content\/uploads\/2017\/01\/F\u00fcrchteDichNicht2017_A6.jpg 1436w\" sizes=\"(max-width: 300px) 100vw, 300px\" \/><\/figure><\/div>\n\n\n<p class=\"has-text-align-center\"><\/p>\n\n\n\n<p class=\"has-text-align-center\"><strong>F\u00fcrchte dich nicht <\/strong>(2017)<strong><br><\/strong>Motetten der Bachfamilie, Altbachisches Archiv<\/p>\n\n\n<div class=\"wp-block-image\">\n<figure class=\"aligncenter\"><img loading=\"lazy\" width=\"184\" height=\"184\" src=\"https:\/\/www.consortium-vocale.de\/wp-content\/uploads\/2019\/08\/kulturradio2184x184.png\" alt=\"\" class=\"wp-image-760\" srcset=\"https:\/\/www.consortium-vocale.de\/wp-content\/uploads\/2019\/08\/kulturradio2184x184.png 184w, https:\/\/www.consortium-vocale.de\/wp-content\/uploads\/2019\/08\/kulturradio2184x184-150x150.png 150w\" sizes=\"(max-width: 184px) 100vw, 184px\" \/><\/figure><\/div>\n\n\n<p class=\"has-text-align-center\"><a href=\"https:\/\/webdoku.rbb-online.de\/die-absolventen\"><strong>Die Absolventen &#8211;&nbsp;<\/strong><strong>Sendereihe vom rbb Kulturradio <\/strong><\/a>(2017)<br>Gespr\u00e4chskonzert mit Studierenden der Chordirigat-Klasse von J\u00f6rg-Peter Weigle<\/p>\n\n\n<div class=\"wp-block-image\">\n<figure class=\"aligncenter\"><img loading=\"lazy\" width=\"150\" height=\"150\" src=\"https:\/\/www.consortium-vocale.de\/wp-content\/uploads\/2018\/11\/crueger_nikolai-150x150.jpg\" alt=\"\" class=\"wp-image-720\"\/><\/figure><\/div>\n\n\n<p class=\"has-text-align-center\"><strong>Aus Johann Cr\u00fcgers Notenschrank <\/strong>(2017)<strong><br><\/strong>Cr\u00fcger, Hammerschmidt, Michael, Sch\u00fctz<\/p>\n\n\n<div class=\"wp-block-image\">\n<figure class=\"aligncenter\"><img loading=\"lazy\" width=\"179\" height=\"127\" src=\"https:\/\/www.consortium-vocale.de\/wp-content\/uploads\/2017\/01\/2016-2-sehnsucht-1.jpg\" alt=\"\" class=\"wp-image-323\"\/><\/figure><\/div>\n\n\n<p class=\"has-text-align-center\"><\/p>\n\n\n\n<p class=\"has-text-align-center\"><strong>Sehnsucht<\/strong> (2016)<strong><br><\/strong>Kiel, Schumann, Cornelius, Koessler<\/p>\n\n\n<div class=\"wp-block-image\">\n<figure class=\"aligncenter\"><img loading=\"lazy\" width=\"177\" height=\"127\" src=\"https:\/\/www.consortium-vocale.de\/wp-content\/uploads\/2017\/01\/2016-1-tenebrae-1.jpg\" alt=\"\" class=\"wp-image-344\"\/><\/figure><\/div>\n\n\n<p class=\"has-text-align-center\"><br class=\"\u201cclear\u201c\"><\/p>\n\n\n\n<p class=\"has-text-align-center\"><strong>tenebrae <\/strong>(2016)<strong><br><\/strong>Victoria, Zelenka, Allegri, Matsushita, Lawton<\/p>\n\n\n\n<hr class=\"wp-block-separator has-alpha-channel-opacity\"\/>\n\n\n\n<h5><a href=\"https:\/\/www.consortium-vocale.de\/?page_id=752\"><strong>Vergangene Konzerte vor 2016<\/strong><\/a><\/h5>\n\n\n<div class=\"wp-block-image\">\n<figure class=\"aligncenter\"><a href=\"https:\/\/www.consortium-vocale.de\/?page_id=752\"><img loading=\"lazy\" width=\"300\" height=\"225\" src=\"https:\/\/www.consortium-vocale.de\/wp-content\/uploads\/2017\/02\/P5110487_P-Kopie-300x225.jpg\" alt=\"\" class=\"wp-image-489\" srcset=\"https:\/\/www.consortium-vocale.de\/wp-content\/uploads\/2017\/02\/P5110487_P-Kopie-300x225.jpg 300w, https:\/\/www.consortium-vocale.de\/wp-content\/uploads\/2017\/02\/P5110487_P-Kopie-768x576.jpg 768w, https:\/\/www.consortium-vocale.de\/wp-content\/uploads\/2017\/02\/P5110487_P-Kopie-1024x768.jpg 1024w\" sizes=\"(max-width: 300px) 100vw, 300px\" \/><\/a><\/figure><\/div>\n\n\n<p class=\"has-text-align-center\"><\/p>\n","protected":false},"excerpt":{"rendered":"<p>&nbsp; Aleph, Beth,&nbsp;Gimel, Daleth\u2026 Chormusik f\u00fcr die Karwoche Kirche zum Heilsbronnen, Heilbronner Str. 20, 10779 Berlin Samstag 21. M\u00e4rz 2026 18 Uhr Auenkirche, Berlin &#8211; Wilmersdorf, Wilhelmsaue 118A, 10715 Berlin Sonntag 22. M\u00e4rz 2026 17 Uhr Tickets f\u00fcr 15 \u20ac\/12\u20ac erm. an der Abendkasse oder \u00fcber Eventfrog: Samstag, 21. M\u00e4rz:&nbsp;https:\/\/eventfrog.de\/aleph_samstag Sonntag, 22. M\u00e4rz:&nbsp;https:\/\/eventfrog.de\/aleph_sonntag &nbsp; Vergangene [&hellip;]<\/p>\n","protected":false},"author":1,"featured_media":1179,"parent":6,"menu_order":3,"comment_status":"closed","ping_status":"closed","template":"","meta":{"_themeisle_gutenberg_block_has_review":false},"_links":{"self":[{"href":"https:\/\/www.consortium-vocale.de\/index.php?rest_route=\/wp\/v2\/pages\/16"}],"collection":[{"href":"https:\/\/www.consortium-vocale.de\/index.php?rest_route=\/wp\/v2\/pages"}],"about":[{"href":"https:\/\/www.consortium-vocale.de\/index.php?rest_route=\/wp\/v2\/types\/page"}],"author":[{"embeddable":true,"href":"https:\/\/www.consortium-vocale.de\/index.php?rest_route=\/wp\/v2\/users\/1"}],"replies":[{"embeddable":true,"href":"https:\/\/www.consortium-vocale.de\/index.php?rest_route=%2Fwp%2Fv2%2Fcomments&post=16"}],"version-history":[{"count":114,"href":"https:\/\/www.consortium-vocale.de\/index.php?rest_route=\/wp\/v2\/pages\/16\/revisions"}],"predecessor-version":[{"id":1242,"href":"https:\/\/www.consortium-vocale.de\/index.php?rest_route=\/wp\/v2\/pages\/16\/revisions\/1242"}],"up":[{"embeddable":true,"href":"https:\/\/www.consortium-vocale.de\/index.php?rest_route=\/wp\/v2\/pages\/6"}],"wp:featuredmedia":[{"embeddable":true,"href":"https:\/\/www.consortium-vocale.de\/index.php?rest_route=\/wp\/v2\/media\/1179"}],"wp:attachment":[{"href":"https:\/\/www.consortium-vocale.de\/index.php?rest_route=%2Fwp%2Fv2%2Fmedia&parent=16"}],"curies":[{"name":"wp","href":"https:\/\/api.w.org\/{rel}","templated":true}]}}