{"id":58,"date":"2017-01-22T23:35:57","date_gmt":"2017-01-22T23:35:57","guid":{"rendered":"http:\/\/branwen.nevarsin.de\/?page_id=58"},"modified":"2025-11-16T23:12:12","modified_gmt":"2025-11-16T23:12:12","slug":"mitsingen","status":"publish","type":"page","link":"https:\/\/www.consortium-vocale.de\/?page_id=58","title":{"rendered":"Mitsingen"},"content":{"rendered":"\n<div class=\"wp-block-media-text alignwide is-stacked-on-mobile\"><figure class=\"wp-block-media-text__media\"><img loading=\"lazy\" width=\"1024\" height=\"768\" src=\"https:\/\/www.consortium-vocale.de\/wp-content\/uploads\/2025\/11\/IMG_2238-1024x768.jpg\" alt=\"\" class=\"wp-image-1170 size-full\" srcset=\"https:\/\/www.consortium-vocale.de\/wp-content\/uploads\/2025\/11\/IMG_2238-1024x768.jpg 1024w, https:\/\/www.consortium-vocale.de\/wp-content\/uploads\/2025\/11\/IMG_2238-300x225.jpg 300w, https:\/\/www.consortium-vocale.de\/wp-content\/uploads\/2025\/11\/IMG_2238-768x576.jpg 768w, https:\/\/www.consortium-vocale.de\/wp-content\/uploads\/2025\/11\/IMG_2238-1536x1152.jpg 1536w, https:\/\/www.consortium-vocale.de\/wp-content\/uploads\/2025\/11\/IMG_2238.jpg 2016w\" sizes=\"(max-width: 1024px) 100vw, 1024px\" \/><\/figure><div class=\"wp-block-media-text__content\">\n<p>Wenn du Lust auf regelm\u00e4\u00dfige <strong>anspruchsvolle Probenarbeit<\/strong> und <strong>sch\u00f6ne Konzerte<\/strong> hast und gut mit deiner Stimme umgehen kannst, dann melde dich gerne bei uns:<\/p>\n\n\n\n<p><strong>mitsingen(at)consortium-vocale.de<\/strong>.<\/p>\n\n\n\n<p>Vor allem, wenn Du <strong>Bass (oder Bariton<\/strong>) singst, solltest Du nicht l\u00e4nger z\u00f6gern!<\/p>\n\n\n\n<p><strong>Wir proben immer mittwochs von 19:30 bis 22 Uhr im Ernst-Abbe-Gymnasium<\/strong>, Sonnenallee 79, 12045 Berlin-Neuk\u00f6lln (U Rathaus Neuk\u00f6lln oder M41 Fuldastr.)<\/p>\n<\/div><\/div>\n\n\n\n<p><\/p>\n","protected":false},"excerpt":{"rendered":"<p>Wenn du Lust auf regelm\u00e4\u00dfige anspruchsvolle Probenarbeit und sch\u00f6ne Konzerte hast und gut mit deiner Stimme umgehen kannst, dann melde dich gerne bei uns: mitsingen(at)consortium-vocale.de. Vor allem, wenn Du Bass (oder Bariton) singst, solltest Du nicht l\u00e4nger z\u00f6gern! Wir proben immer mittwochs von 19:30 bis 22 Uhr im Ernst-Abbe-Gymnasium, Sonnenallee 79, 12045 Berlin-Neuk\u00f6lln (U Rathaus [&hellip;]<\/p>\n","protected":false},"author":1,"featured_media":1207,"parent":6,"menu_order":6,"comment_status":"closed","ping_status":"closed","template":"","meta":{"_themeisle_gutenberg_block_has_review":false},"_links":{"self":[{"href":"https:\/\/www.consortium-vocale.de\/index.php?rest_route=\/wp\/v2\/pages\/58"}],"collection":[{"href":"https:\/\/www.consortium-vocale.de\/index.php?rest_route=\/wp\/v2\/pages"}],"about":[{"href":"https:\/\/www.consortium-vocale.de\/index.php?rest_route=\/wp\/v2\/types\/page"}],"author":[{"embeddable":true,"href":"https:\/\/www.consortium-vocale.de\/index.php?rest_route=\/wp\/v2\/users\/1"}],"replies":[{"embeddable":true,"href":"https:\/\/www.consortium-vocale.de\/index.php?rest_route=%2Fwp%2Fv2%2Fcomments&post=58"}],"version-history":[{"count":21,"href":"https:\/\/www.consortium-vocale.de\/index.php?rest_route=\/wp\/v2\/pages\/58\/revisions"}],"predecessor-version":[{"id":1214,"href":"https:\/\/www.consortium-vocale.de\/index.php?rest_route=\/wp\/v2\/pages\/58\/revisions\/1214"}],"up":[{"embeddable":true,"href":"https:\/\/www.consortium-vocale.de\/index.php?rest_route=\/wp\/v2\/pages\/6"}],"wp:featuredmedia":[{"embeddable":true,"href":"https:\/\/www.consortium-vocale.de\/index.php?rest_route=\/wp\/v2\/media\/1207"}],"wp:attachment":[{"href":"https:\/\/www.consortium-vocale.de\/index.php?rest_route=%2Fwp%2Fv2%2Fmedia&parent=58"}],"curies":[{"name":"wp","href":"https:\/\/api.w.org\/{rel}","templated":true}]}}