{"id":62,"date":"2017-01-22T23:32:50","date_gmt":"2017-01-22T23:32:50","guid":{"rendered":"http:\/\/branwen.nevarsin.de\/?page_id=62"},"modified":"2025-11-16T19:22:24","modified_gmt":"2025-11-16T19:22:24","slug":"impressum","status":"publish","type":"page","link":"https:\/\/www.consortium-vocale.de\/?page_id=62","title":{"rendered":"Impressum"},"content":{"rendered":"<p>consortium vocale berlin e.V.<br \/>\nVorstand und V.i.S.d.P.: Michaela B\u00fcrgle, Mathias M\u00fcller, Alexander Walmsley<\/p>\n<p>Vereinsadresse: \u2105 Michaela B\u00fcrgle, Gustav-M\u00fcller-Str. 14, 10829 Berlin<\/p>\n<p>E-Mail:\u00a0vorstand(at)consortium-vocale.de<\/p>\n<p>Facebook: <a href=\"https:\/\/www.facebook.com\/consortiumvocaleberlin\">http:\/\/www.facebook.com\/consortiumvocaleberlin<\/a><\/p>\n<p><strong>Presseanfragen:<br \/>\n<\/strong>marketing(at)consortium-vocale.de<strong>\u00a0<\/strong><\/p>\n<p><strong>Webmaster:<br \/>\n<\/strong>webredaktion(at)consortium-vocale.de<strong>\u00a0<\/strong><\/p>\n<p><strong>Bildmaterial: <\/strong>Alle auf dieser Website verwendeten Fotos von Auftritten, Proben und Mitgliedern sind Eigentum des consortium vocale berlin e.V.. Foto Rory Wainwright Johnston: Jeremy Knowles. Abbildungen \u201eDer Medicus\u201c mit freundlicher Genehmigung der Universal Pictures International Germany GmbH<\/p>\n<p><strong>consortium vocale berlin e. V.<br \/>\n<\/strong>Eingetragen im Vereinsregister beim Amtsgericht Berlin Charlottenburg unter der Nummer VR 27799 B<\/p>\n<p>Spendenkonto:<br \/>\nDeutsche Kreditbank AG<br \/>\nIBAN: DE08120300001020186043<br \/>\nBIC: BYLADEM1001<\/p>\n<p>Das consortium vocale berlin ist ein freier und gemeinn\u00fctziger Verein, der sich selbst finanzieren muss. Unser Chorbeitrag betr\u00e4gt derzeit 25 Euro pro Monat. Mitglieder, die es sich leisten k\u00f6nnen, k\u00f6nnen freiwillig mehr zahlen, um Mitgliedern mit geringem Einkommen einen erm\u00e4\u00dfigten Beitrag zu erm\u00f6glichen.<br \/>\nMit dem Beitrag finanzieren wir unseren Chorleiter, unsere Mitgliedschaft im Berliner Chorverband sowie unsere Werbung und Konzerte.<br \/>\nKonzerteinnahmen werden wieder f\u00fcr neue Konzerte und Konzertreisen verwendet. Der Verein stellt steuerabzugsf\u00e4hige Spendenbescheinigungen sowohl f\u00fcr Mitgliedsbeitr\u00e4ge als auch f\u00fcr dar\u00fcber hinausgehende Spenden aus.<\/p>\n<p><strong>Alle Inhalte der Webseite sind urheberrechtlich gesch\u00fctzt. Jegliche Verwendung von Bild-, Text- oder Tondateien bedarf der schriftlichen Zustimmung des Vorstands des consortium vocale berlin.<\/strong><\/p>\n<p><strong>Haftungshinweis: Trotz sorgf\u00e4ltiger, inhaltlicher Kontrolle \u00fcbernehmen wir keine Haftung f\u00fcr die Inhalte externer Links. F\u00fcr den Inhalt der verlinkten Seiten sind ausschlie\u00dflich deren Betreiber verantwortlich.<\/strong><\/p>\n","protected":false},"excerpt":{"rendered":"<p>consortium vocale berlin e.V. Vorstand und V.i.S.d.P.: Michaela B\u00fcrgle, Mathias M\u00fcller, Alexander Walmsley Vereinsadresse: \u2105 Michaela B\u00fcrgle, Gustav-M\u00fcller-Str. 14, 10829 Berlin E-Mail:\u00a0vorstand(at)consortium-vocale.de Facebook: http:\/\/www.facebook.com\/consortiumvocaleberlin Presseanfragen: marketing(at)consortium-vocale.de\u00a0 Webmaster: webredaktion(at)consortium-vocale.de\u00a0 Bildmaterial: Alle auf dieser Website verwendeten Fotos von Auftritten, Proben und Mitgliedern sind Eigentum des consortium vocale berlin e.V.. Foto Rory Wainwright Johnston: Jeremy Knowles. Abbildungen \u201eDer [&hellip;]<\/p>\n","protected":false},"author":1,"featured_media":0,"parent":6,"menu_order":7,"comment_status":"closed","ping_status":"closed","template":"","meta":{"_themeisle_gutenberg_block_has_review":false},"_links":{"self":[{"href":"https:\/\/www.consortium-vocale.de\/index.php?rest_route=\/wp\/v2\/pages\/62"}],"collection":[{"href":"https:\/\/www.consortium-vocale.de\/index.php?rest_route=\/wp\/v2\/pages"}],"about":[{"href":"https:\/\/www.consortium-vocale.de\/index.php?rest_route=\/wp\/v2\/types\/page"}],"author":[{"embeddable":true,"href":"https:\/\/www.consortium-vocale.de\/index.php?rest_route=\/wp\/v2\/users\/1"}],"replies":[{"embeddable":true,"href":"https:\/\/www.consortium-vocale.de\/index.php?rest_route=%2Fwp%2Fv2%2Fcomments&post=62"}],"version-history":[{"count":12,"href":"https:\/\/www.consortium-vocale.de\/index.php?rest_route=\/wp\/v2\/pages\/62\/revisions"}],"predecessor-version":[{"id":1165,"href":"https:\/\/www.consortium-vocale.de\/index.php?rest_route=\/wp\/v2\/pages\/62\/revisions\/1165"}],"up":[{"embeddable":true,"href":"https:\/\/www.consortium-vocale.de\/index.php?rest_route=\/wp\/v2\/pages\/6"}],"wp:attachment":[{"href":"https:\/\/www.consortium-vocale.de\/index.php?rest_route=%2Fwp%2Fv2%2Fmedia&parent=62"}],"curies":[{"name":"wp","href":"https:\/\/api.w.org\/{rel}","templated":true}]}}